{"id":929,"date":"2015-06-19T18:34:43","date_gmt":"2015-06-19T21:34:43","guid":{"rendered":"http:\/\/www.redconoce.cl\/ecbi\/?page_id=929"},"modified":"2021-06-11T12:23:05","modified_gmt":"2021-06-11T16:23:05","slug":"libros-y-papers","status":"publish","type":"page","link":"https:\/\/www.ecbichile.cl\/home\/biblioteca-multimedia\/libros-y-papers\/","title":{"rendered":"Libros y papers"},"content":{"rendered":"<div class='w3eden'>\n    <div class=''>\n\n        \n        <div id=\"content_wpdm_package_1\">\n            <div class='row'><div class='col-lg-6 col-md-6 col-12'><!-- WPDM Link Template: Default Template (Extended) -->\n\n<div class=\"card card-default\">\n    <div class=\"card-body\">\n \n    <div class=\"media\">\n        <div class=\"pull-left\"><img decoding=\"async\" class=\"wpdm_icon\" alt=\"Icono\" src=\"https:\/\/www.ecbichile.cl\/home\/wp-content\/plugins\/download-manager\/assets\/file-type-icons\/pdf.svg\" \/><\/div>\n        <div class=\"media-body\"><strong class=\"ptitle\">Did\u00e1ctica para la proximidad: Aprendiendo en tiempos de crisis<\/strong>\n            <p style=\"text-align: justify;\"><strong><a href=\"http:\/\/www.ecbichile.cl\/home\/wp-content\/uploads\/2020\/10\/Did\u00e1ctica-para-la-proximidad.jpg\"><img loading=\"lazy\" decoding=\"async\" class=\"alignleft size-medium wp-image-2507\" src=\"http:\/\/www.ecbichile.cl\/home\/wp-content\/uploads\/2020\/10\/Did\u00e1ctica-para-la-proximidad-234x300.jpg\" alt=\"\" width=\"234\" height=\"300\" srcset=\"https:\/\/www.ecbichile.cl\/home\/wp-content\/uploads\/2020\/10\/Did\u00e1ctica-para-la-proximidad-234x300.jpg 234w, https:\/\/www.ecbichile.cl\/home\/wp-content\/uploads\/2020\/10\/Did\u00e1ctica-para-la-proximidad.jpg 314w\" sizes=\"auto, (max-width: 234px) 100vw, 234px\" \/><\/a><\/strong><\/p>\n<p>&nbsp;<\/p>\n<p style=\"text-align: justify;\"><strong>Did\u00e1ctica para la proximidad: Aprendiendo en tiempos de crisis<\/strong><\/p>\n<p style=\"text-align: justify;\"><em>Informe elaborado en el marco de las propuestas en educaci\u00f3n interuniversitario mesa social COVID- 19 .<\/em><\/p>\n<p style=\"text-align: justify;\">En el marco de las propuestas que derivan del trabajo interdisciplinario acad\u00e9mico de la mesa social Covid-19 se impuls\u00f3 la realizaci\u00f3n de este documento: \"Did\u00e1cticas para la proximidad: aprendiendo en tiempos de crisis\", con el objetivo de proponer orientaciones concretas para el aprendizaje en este contexto de crisis y en distintas \u00e1reas disciplinares.\u00a0<\/p>\n<p>&nbsp;<\/p>\n<p style=\"text-align: justify;\">\u00a0<\/p>\n<p>&nbsp;<\/p>\n\n            <div><strong><a class='wpdm-download-link download-on-click btn btn-primary btn-xs' rel='nofollow' href='#' data-downloadurl=\"https:\/\/www.ecbichile.cl\/home\/download\/didactica-para-la-proximidad-aprendiendo-en-tiempos-de-crisis\/?wpdmdl=2506&refresh=69ea3194af77e1776955796\">Descargar<\/a><\/strong><\/div>\n        <\/div>\n    <\/div>\n \n \n    <\/div>\n    <div class=\"card-footer\"><span class=\"pull-right\">3665 downloads<\/span>4.15 MB<\/div>\n<\/div><\/div><div class='col-lg-6 col-md-6 col-12'><!-- WPDM Link Template: Default Template (Extended) -->\n\n<div class=\"card card-default\">\n    <div class=\"card-body\">\n \n    <div class=\"media\">\n        <div class=\"pull-left\"><img decoding=\"async\" class=\"wpdm_icon\" alt=\"Icono\" src=\"https:\/\/www.ecbichile.cl\/home\/wp-content\/plugins\/download-manager\/assets\/file-type-icons\/pdf.svg\" \/><\/div>\n        <div class=\"media-body\"><strong class=\"ptitle\">Medell\u00edn Territorio STEM + H<\/strong>\n            <p style=\"text-align: justify;\"><strong><a href=\"http:\/\/www.ecbichile.cl\/home\/wp-content\/uploads\/2020\/10\/Medellin-Territorio-STEMH.jpg\"><img loading=\"lazy\" decoding=\"async\" class=\"alignleft size-medium wp-image-2504\" src=\"http:\/\/www.ecbichile.cl\/home\/wp-content\/uploads\/2020\/10\/Medellin-Territorio-STEMH-259x300.jpg\" alt=\"\" width=\"259\" height=\"300\" srcset=\"https:\/\/www.ecbichile.cl\/home\/wp-content\/uploads\/2020\/10\/Medellin-Territorio-STEMH-259x300.jpg 259w, https:\/\/www.ecbichile.cl\/home\/wp-content\/uploads\/2020\/10\/Medellin-Territorio-STEMH.jpg 663w\" sizes=\"auto, (max-width: 259px) 100vw, 259px\" \/><\/a><\/strong><\/p>\n<p>&nbsp;<\/p>\n<p style=\"text-align: justify;\"><strong>Medell\u00edn Territorio STEM + H<\/strong><\/p>\n<p style=\"text-align: justify;\">Un diagn\u00f3stico de la Secretar\u00eda de Educaci\u00f3n de Medell\u00edn sobre el desarrollo del enfoque en las instituciones educativas de la ciudad.<\/p>\n<p style=\"text-align: justify;\">Lina Mar\u00eda Cano V\u00e1squez<\/p>\n<p style=\"text-align: justify;\">Isabel \u00c1ngel Uribe<\/p>\n<p style=\"text-align: justify;\">Este libro presenta las experiencias relacionadas con STEM + H que se llevan a cabo en las instituciones educativas oficiales de Medell\u00edn, las metodolog\u00edas que se implementan en el marco del enfoque, los aliados con los que se cuenta, los procesos de formaci\u00f3n - dirigidos a los docentes - que se han adelantado para materializar el enfoque en las aulas y, las necesidades did\u00e1cticas y pedag\u00f3gicas para su inclusi\u00f3n en las instituciones educativas de la ciudad. Igualmente se presenta como apuesta de ciudad, la relaci\u00f3n entre la formaci\u00f3n en med\u00eda t\u00e9cnica y el enfoque que consolida a Medell\u00edn como territorio STEM + H.<\/p>\n<p style=\"text-align: justify;\">\u00a0<\/p>\n\n            <div><strong><a class='wpdm-download-link download-on-click btn btn-primary btn-xs' rel='nofollow' href='#' data-downloadurl=\"https:\/\/www.ecbichile.cl\/home\/download\/medellin-territorio-stem-h\/?wpdmdl=2503&refresh=69ea3194b13f41776955796\">Descargar<\/a><\/strong><\/div>\n        <\/div>\n    <\/div>\n \n \n    <\/div>\n    <div class=\"card-footer\"><span class=\"pull-right\">3457 downloads<\/span>2.85 MB<\/div>\n<\/div><\/div><div class='col-lg-6 col-md-6 col-12'><!-- WPDM Link Template: Default Template (Extended) -->\n\n<div class=\"card card-default\">\n    <div class=\"card-body\">\n \n    <div class=\"media\">\n        <div class=\"pull-left\"><img decoding=\"async\" class=\"wpdm_icon\" alt=\"Icono\" src=\"https:\/\/www.ecbichile.cl\/home\/wp-content\/plugins\/download-manager\/assets\/file-type-icons\/pdf.svg\" \/><\/div>\n        <div class=\"media-body\"><strong class=\"ptitle\">Paulo Freire. Cr\u00f3nica de sus a\u00f1os en Chile<\/strong>\n            <table style=\"border-collapse: collapse;\">\n<tbody>\n<tr style=\"height: 314px;\">\n<td style=\"width: 100%; height: 314px;\"><a href=\"http:\/\/www.ecbichile.cl\/home\/wp-content\/uploads\/2020\/01\/Libro-Pablo-Freire.jpg\"><img loading=\"lazy\" decoding=\"async\" class=\"alignleft size-medium wp-image-2415\" src=\"http:\/\/www.ecbichile.cl\/home\/wp-content\/uploads\/2020\/01\/Libro-Pablo-Freire-231x300.jpg\" alt=\"\" width=\"231\" height=\"300\" srcset=\"https:\/\/www.ecbichile.cl\/home\/wp-content\/uploads\/2020\/01\/Libro-Pablo-Freire-231x300.jpg 231w, https:\/\/www.ecbichile.cl\/home\/wp-content\/uploads\/2020\/01\/Libro-Pablo-Freire.jpg 467w\" sizes=\"auto, (max-width: 231px) 100vw, 231px\" \/><\/a><\/td>\n<\/tr>\n<tr style=\"height: 214px;\">\n<td style=\"width: 100%; height: 214px;\">\n<div dir=\"auto\">\n<div dir=\"ltr\">\n<div style=\"text-align: justify;\">Aqu\u00ed encontrar\u00e1s la publicaci\u00f3n digital sobre los a\u00f1os de Paulo Freire en \u00a0Chile y su aporte a la innovaci\u00f3n y el perfeccionamiento de pol\u00edticas y pr\u00e1cticas de alfabetizaci\u00f3n, educaci\u00f3n de adultos y capacitaci\u00f3n \u00a0campesina, en general.<\/div>\n<div style=\"text-align: justify;\">El archivo portable contiene el an\u00e1lisis del periodo y, en anexos, una selecci\u00f3n de textos \u00a0preparados por Freire mientras asesoraba a distintas organizaciones de desarrollo educativo en Chile.<\/div>\n<\/div>\n<\/div>\n<div style=\"text-align: justify;\"><em>Marcela Gajardo, autora.\u00a0<\/em><\/div>\n<\/td>\n<\/tr>\n<\/tbody>\n<\/table>\n\n            <div><strong><a class='wpdm-download-link download-on-click btn btn-primary btn-xs' rel='nofollow' href='#' data-downloadurl=\"https:\/\/www.ecbichile.cl\/home\/download\/paulo-freire-cronica-de-sus-anos-en-chile\/?wpdmdl=2414&refresh=69ea3194b2b851776955796\">Descargar<\/a><\/strong><\/div>\n        <\/div>\n    <\/div>\n \n \n    <\/div>\n    <div class=\"card-footer\"><span class=\"pull-right\">3638 downloads<\/span>59.61 MB<\/div>\n<\/div><\/div><div class='col-lg-6 col-md-6 col-12'><!-- WPDM Link Template: Default Template (Extended) -->\n\n<div class=\"card card-default\">\n    <div class=\"card-body\">\n \n    <div class=\"media\">\n        <div class=\"pull-left\"><img decoding=\"async\" class=\"wpdm_icon\" alt=\"Icono\" src=\"https:\/\/www.ecbichile.cl\/home\/wp-content\/plugins\/download-manager\/assets\/file-type-icons\/pdf.svg\" \/><\/div>\n        <div class=\"media-body\"><strong class=\"ptitle\">Antolog\u00eda sobre Indagaci\u00f3n e Inclusi\u00f3n<\/strong>\n            <p><a href=\"http:\/\/www.ecbichile.cl\/home\/wp-content\/uploads\/2019\/01\/cuarta-antolog\u00eda.jpg\"><img loading=\"lazy\" decoding=\"async\" class=\"alignleft size-medium wp-image-2232\" src=\"http:\/\/www.ecbichile.cl\/home\/wp-content\/uploads\/2019\/01\/cuarta-antolog\u00eda-269x300.jpg\" alt=\"\" width=\"269\" height=\"300\" srcset=\"https:\/\/www.ecbichile.cl\/home\/wp-content\/uploads\/2019\/01\/cuarta-antolog\u00eda-269x300.jpg 269w, https:\/\/www.ecbichile.cl\/home\/wp-content\/uploads\/2019\/01\/cuarta-antolog\u00eda.jpg 694w\" sizes=\"auto, (max-width: 269px) 100vw, 269px\" \/><\/a><\/p>\n\n            <div><strong><a class='wpdm-download-link download-on-click btn btn-primary btn-xs' rel='nofollow' href='#' data-downloadurl=\"https:\/\/www.ecbichile.cl\/home\/download\/antologia-sobre-indagacion-e-inclusion\/?wpdmdl=2231&refresh=69ea3194b42f41776955796\">Descargar<\/a><\/strong><\/div>\n        <\/div>\n    <\/div>\n \n \n    <\/div>\n    <div class=\"card-footer\"><span class=\"pull-right\">751 downloads<\/span>827.10 KB<\/div>\n<\/div><\/div><div class='col-lg-6 col-md-6 col-12'><!-- WPDM Link Template: Default Template (Extended) -->\n\n<div class=\"card card-default\">\n    <div class=\"card-body\">\n \n    <div class=\"media\">\n        <div class=\"pull-left\"><img decoding=\"async\" class=\"wpdm_icon\" alt=\"Icono\" src=\"https:\/\/www.ecbichile.cl\/home\/wp-content\/plugins\/download-manager\/assets\/file-type-icons\/pdf.svg\" \/><\/div>\n        <div class=\"media-body\"><strong class=\"ptitle\">Principios y grandes ideas de la educaci\u00f3n en ciencias<\/strong>\n            <table style=\"height: 282px;\" width=\"287\">\n<tbody>\n<tr style=\"height: 369.25px;\">\n<td style=\"width: 276px; height: 369.25px;\">\n<p><a href=\"http:\/\/www.ecbichile.cl\/home\/wp-content\/uploads\/2018\/03\/principios-y-grandes-ideas-de-la-educaci\u00f3n-en-ciencias.jpg\"><img loading=\"lazy\" decoding=\"async\" class=\"alignleft size-medium wp-image-2050\" src=\"http:\/\/www.ecbichile.cl\/home\/wp-content\/uploads\/2018\/03\/principios-y-grandes-ideas-de-la-educaci\u00f3n-en-ciencias-269x300.jpg\" alt=\"\" width=\"269\" height=\"300\" srcset=\"https:\/\/www.ecbichile.cl\/home\/wp-content\/uploads\/2018\/03\/principios-y-grandes-ideas-de-la-educaci\u00f3n-en-ciencias-269x300.jpg 269w, https:\/\/www.ecbichile.cl\/home\/wp-content\/uploads\/2018\/03\/principios-y-grandes-ideas-de-la-educaci\u00f3n-en-ciencias.jpg 693w\" sizes=\"auto, (max-width: 269px) 100vw, 269px\" \/><\/a><\/p>\n<p>&nbsp;<\/p>\n<\/td>\n<\/tr>\n<\/tbody>\n<\/table>\n\n            <div><strong><a class='wpdm-download-link download-on-click btn btn-primary btn-xs' rel='nofollow' href='#' data-downloadurl=\"https:\/\/www.ecbichile.cl\/home\/download\/principios-y-grandes-ideas-de-la-educacion-en-ciencias\/?wpdmdl=2052&refresh=69ea3194b59071776955796\">Descargar<\/a><\/strong><\/div>\n        <\/div>\n    <\/div>\n \n \n    <\/div>\n    <div class=\"card-footer\"><span class=\"pull-right\">1155 downloads<\/span>1.34 MB<\/div>\n<\/div><\/div><div class='col-lg-6 col-md-6 col-12'><!-- WPDM Link Template: Default Template (Extended) -->\n\n<div class=\"card card-default\">\n    <div class=\"card-body\">\n \n    <div class=\"media\">\n        <div class=\"pull-left\"><img decoding=\"async\" class=\"wpdm_icon\" alt=\"Icono\" src=\"https:\/\/www.ecbichile.cl\/home\/wp-content\/plugins\/download-manager\/assets\/file-type-icons\/pdf.svg\" \/><\/div>\n        <div class=\"media-body\"><strong class=\"ptitle\">Empowering all students at scale<\/strong>\n            <table style=\"height: 296px;\" width=\"318\">\n<tbody>\n<tr>\n<td>\n<p><a href=\"http:\/\/www.ecbichile.cl\/home\/wp-content\/uploads\/2017\/05\/1965948987.jpg\"><img loading=\"lazy\" decoding=\"async\" class=\"alignleft size-medium wp-image-1896\" src=\"http:\/\/www.ecbichile.cl\/home\/wp-content\/uploads\/2017\/05\/1965948987-200x300.jpg\" alt=\"1965948987\" width=\"200\" height=\"300\" srcset=\"https:\/\/www.ecbichile.cl\/home\/wp-content\/uploads\/2017\/05\/1965948987-200x300.jpg 200w, https:\/\/www.ecbichile.cl\/home\/wp-content\/uploads\/2017\/05\/1965948987-683x1024.jpg 683w, https:\/\/www.ecbichile.cl\/home\/wp-content\/uploads\/2017\/05\/1965948987.jpg 1336w\" sizes=\"auto, (max-width: 200px) 100vw, 200px\" \/><\/a><\/p>\n<p>&nbsp;<\/p>\n<p>&nbsp;<\/p>\n<p>&nbsp;<\/p>\n<p>&nbsp;<\/p>\n<\/td>\n<\/tr>\n<tr>\n<td>..\"Los contribuyentes a este libro explican cu\u00e1les son las oportunidades y los desaf\u00edos para escalar el cambio educativo para hacer que las escuelas sean relevantes para las demandas de nuestros tiempos. Basado en un Think Tank convocado por la Iniciativa de Innovaci\u00f3n de Educaci\u00f3n Global en la Universidad de Harvard, este libro tiene como objetivo estimular un amplio di\u00e1logo social sobre c\u00f3mo apoyar a los estudiantes y profesores para vivir una vida plena en la volatilidad y complejidad de nuestros tiempos\".<\/td>\n<\/tr>\n<\/tbody>\n<\/table>\n<p style=\"text-align: justify;\">\u00a0<\/p>\n\n            <div><strong><a class='wpdm-download-link download-on-click btn btn-primary btn-xs' rel='nofollow' href='#' data-downloadurl=\"https:\/\/www.ecbichile.cl\/home\/download\/empowering-all-students-at-scale\/?wpdmdl=1894&refresh=69ea3194b6d051776955796\">Descargar<\/a><\/strong><\/div>\n        <\/div>\n    <\/div>\n \n \n    <\/div>\n    <div class=\"card-footer\"><span class=\"pull-right\">452 downloads<\/span>1.01 MB<\/div>\n<\/div><\/div><div class='col-lg-6 col-md-6 col-12'><!-- WPDM Link Template: Default Template (Extended) -->\n\n<div class=\"card card-default\">\n    <div class=\"card-body\">\n \n    <div class=\"media\">\n        <div class=\"pull-left\"><img decoding=\"async\" class=\"wpdm_icon\" alt=\"Icono\" src=\"https:\/\/www.ecbichile.cl\/home\/wp-content\/plugins\/download-manager\/assets\/file-type-icons\/pdf.svg\" \/><\/div>\n        <div class=\"media-body\"><strong class=\"ptitle\">Antolog\u00eda sobre Indagaci\u00f3n Teor\u00edas y Fundamentos de la Ense\u00f1anza de la Ciencia Basada en la indagaci\u00f3n<\/strong>\n            <p style=\"text-align: justify;\">INNOVEC (Innovaci\u00f3n en la Ense\u00f1anza de la Ciencia A.C., desde su nacimiento en el 2002, ha promovido la ense\u00f1anza de la ciencia basada en la indagaci\u00f3n a trav\u00e9s del Programa Sistemas de Ense\u00f1anza Vivencial e Indagatoria de la Ciencia (SEVIC). Este enfoque pedag\u00f3gico permite que los estudiantes comprendan ideas y conceptos cient\u00edficos y aprendan c\u00f3mo estudiar el mundo que los rodea a trav\u00e9s del desarrollo de habilidades relacionadas con la indagaci\u00f3n cient\u00edfica (elaborar preguntas, planear investigaciones, usar instrumentos de medici\u00f3n, observar, predecir, reunir y analizar datos, formular explicaciones y comunicar sus conclusiones.<\/p>\n<p style=\"text-align: justify;\">Este segundo art\u00edculo nos brinda una rese\u00f1a clara de lo que significa la ense\u00f1anza de la ciencia basada en la indagaci\u00f3n. Presenta sint\u00e9ticamente las visiones modernas sobre el aprendizaje que sustentan este enfoque de ense\u00f1anza, haciendo referencia a las bases te\u00f3ricas en las que se apoya y a estudios recientes que demuestran su efetividad para que los estudiantes logren una verdadera comprensi\u00f3n del conocimiento cient\u00edfico.<\/p>\n<p style=\"text-align: center;\"><strong>http:\/\/innovec.org.mx\/home\/<\/strong><\/p>\n\n            <div><strong><a class='wpdm-download-link download-on-click btn btn-primary btn-xs' rel='nofollow' href='#' data-downloadurl=\"https:\/\/www.ecbichile.cl\/home\/download\/antologia-sobre-indagacion-teorias-y-fundamentos-de-la-ensenanza-de-la-ciencia-basada-en-la-indagacion\/?wpdmdl=1889&refresh=69ea3194b99e41776955796\">Descargar<\/a><\/strong><\/div>\n        <\/div>\n    <\/div>\n \n \n    <\/div>\n    <div class=\"card-footer\"><span class=\"pull-right\">1455 downloads<\/span>652.09 KB<\/div>\n<\/div><\/div><div class='col-lg-6 col-md-6 col-12'><!-- WPDM Link Template: Default Template (Extended) -->\n\n<div class=\"card card-default\">\n    <div class=\"card-body\">\n \n    <div class=\"media\">\n        <div class=\"pull-left\"><img decoding=\"async\" class=\"wpdm_icon\" alt=\"Icono\" src=\"https:\/\/www.ecbichile.cl\/home\/wp-content\/plugins\/download-manager\/assets\/file-type-icons\/pdf.svg\" \/><\/div>\n        <div class=\"media-body\"><strong class=\"ptitle\">Antolog\u00eda sobre Indagaci\u00f3n<\/strong>\n            <p style=\"text-align: justify;\">INNOVEC (Innovaci\u00f3n en la Ense\u00f1anza de la Ciencia A.C., desde su nacimiento en el 2002, ha promovido la ense\u00f1anza de la ciencia basada en la indagaci\u00f3n a trav\u00e9s del Programa Sistemas de Ense\u00f1anza Vivencial e Indagatoria de la Ciencia (SEVIC). Este enfoque pedag\u00f3gico permite que los estudiantes comprendan ideas y conceptos cient\u00edficos y aprendan c\u00f3mo estudiar el mundo que los rodea a trav\u00e9s del desarrollo de habilidades relacionadas con la indagaci\u00f3n cient\u00edfica (elaborar preguntas, planear investigaciones, usar instrumentos de medici\u00f3n, observar, predecir, reunir y analizar datos, formular explicaciones y comunicar sus conclusiones.<\/p>\n<p style=\"text-align: justify;\">La presente Antolog\u00eda constituye el primer volumen de una serie de publicaciones que INNOVEC elaborar\u00e1 con colaboraci\u00f3n de cient\u00edficos, investigadores y acad\u00e9micos especializados en la ense\u00f1anza de la ciencia basada\u00a0 en la indagaci\u00f3n, reconocidos por su trayectoria y contribuci\u00f3n en la educaci\u00f3n cient\u00edfica.<\/p>\n<p style=\"text-align: center;\"><strong>http:\/\/innovec.org.mx\/home\/<\/strong><\/p>\n\n            <div><strong><a class='wpdm-download-link download-on-click btn btn-primary btn-xs' rel='nofollow' href='#' data-downloadurl=\"https:\/\/www.ecbichile.cl\/home\/download\/antologia-sobre-indagacion\/?wpdmdl=1887&refresh=69ea3194baf621776955796\">Descargar<\/a><\/strong><\/div>\n        <\/div>\n    <\/div>\n \n \n    <\/div>\n    <div class=\"card-footer\"><span class=\"pull-right\">722 downloads<\/span>1.48 MB<\/div>\n<\/div><\/div><div class='col-lg-6 col-md-6 col-12'><!-- WPDM Link Template: Default Template (Extended) -->\n\n<div class=\"card card-default\">\n    <div class=\"card-body\">\n \n    <div class=\"media\">\n        <div class=\"pull-left\"><img decoding=\"async\" class=\"wpdm_icon\" alt=\"Icono\" src=\"https:\/\/www.ecbichile.cl\/home\/wp-content\/plugins\/download-manager\/assets\/file-type-icons\/pdf.svg\" \/><\/div>\n        <div class=\"media-body\"><strong class=\"ptitle\">Libro II Jornada Regional de Profesores<\/strong>\n            \n            <div><strong><a class='wpdm-download-link download-on-click btn btn-primary btn-xs' rel='nofollow' href='#' data-downloadurl=\"https:\/\/www.ecbichile.cl\/home\/download\/libro-ii-jornada-regional-de-profesores\/?wpdmdl=1884&refresh=69ea3194bc3221776955796\">Descargar<\/a><\/strong><\/div>\n        <\/div>\n    <\/div>\n \n \n    <\/div>\n    <div class=\"card-footer\"><span class=\"pull-right\">245 downloads<\/span>3.62 MB<\/div>\n<\/div><\/div><div class='col-lg-6 col-md-6 col-12'><!-- WPDM Link Template: Default Template (Extended) -->\n\n<div class=\"card card-default\">\n    <div class=\"card-body\">\n \n    <div class=\"media\">\n        <div class=\"pull-left\"><img decoding=\"async\" class=\"wpdm_icon\" alt=\"Icono\" src=\"https:\/\/www.ecbichile.cl\/home\/wp-content\/plugins\/download-manager\/assets\/file-type-icons\/pdf.svg\" \/><\/div>\n        <div class=\"media-body\"><strong class=\"ptitle\">\u201cUna historia entre montes submarinos\u201d<\/strong>\n            <table>\n<tbody>\n<tr style=\"height: 192.25px;\">\n<td style=\"width: 420px; height: 192.25px; text-align: center;\"><a href=\"http:\/\/www.ecbichile.cl\/home\/wp-content\/uploads\/2016\/07\/Una-historia-entre-montes-submarinos.jpg\"><img loading=\"lazy\" decoding=\"async\" class=\"wp-image-2056 aligncenter\" src=\"http:\/\/www.ecbichile.cl\/home\/wp-content\/uploads\/2016\/07\/Una-historia-entre-montes-submarinos-300x179.jpg\" alt=\"\" width=\"291\" height=\"174\" srcset=\"https:\/\/www.ecbichile.cl\/home\/wp-content\/uploads\/2016\/07\/Una-historia-entre-montes-submarinos-300x179.jpg 300w, https:\/\/www.ecbichile.cl\/home\/wp-content\/uploads\/2016\/07\/Una-historia-entre-montes-submarinos-768x458.jpg 768w, https:\/\/www.ecbichile.cl\/home\/wp-content\/uploads\/2016\/07\/Una-historia-entre-montes-submarinos-1024x611.jpg 1024w, https:\/\/www.ecbichile.cl\/home\/wp-content\/uploads\/2016\/07\/Una-historia-entre-montes-submarinos.jpg 1291w\" sizes=\"auto, (max-width: 291px) 100vw, 291px\" \/><\/a><\/p>\n<p style=\"text-align: left;\"><strong>He \ua78ca\ua78camu o te kahi r\u0101ua ko te korohu\ua78ca h\u012b ika e tahi<\/strong>, una historia entre montes submarinos, es un cuento del mar de Rapa Nui sobre los ecosistemas de los montes submarinos. Es un material pedag\u00f3gico especialmente dedicado a j\u00f3venes entre 9 a 15 a\u00f1os de Rapa Nui y el mundo. Este texto espera contribuir al descubrimiento, cuidado y promoci\u00f3n de estos grandes ecosistemas, la cultura asociada a la pesca y la importancia de su conservaci\u00f3n.<\/p>\n<p>M\u00e1s informaci\u00f3n en\u00a0\u00a0<a href=\"http:\/\/www.difuciencia.cl\/cuentos\/\" target=\"_blank\" rel=\"noopener noreferrer\">http:\/\/www.difuciencia.cl\/<wbr \/>cuentos\/<\/a><\/p>\n<p>Contacto: <a href=\"mailto:paloma.nunez@ceaza.cl\" target=\"_blank\" rel=\"noopener noreferrer\">paloma.nunez@ceaza.cl<\/a><\/p>\n<p>tel\u00e9fono:(51) 2673259<\/p>\n<\/td>\n<\/tr>\n<\/tbody>\n<\/table>\n\n            <div><strong><a class='wpdm-download-link download-on-click btn btn-primary btn-xs' rel='nofollow' href='#' data-downloadurl=\"https:\/\/www.ecbichile.cl\/home\/download\/una-historia-entre-montes-submarinos\/?wpdmdl=1697&refresh=69ea3194be22a1776955796\">Descargar<\/a><\/strong><\/div>\n        <\/div>\n    <\/div>\n \n \n    <\/div>\n    <div class=\"card-footer\"><span class=\"pull-right\">252 downloads<\/span>5.38 MB<\/div>\n<\/div><\/div><\/div>            <div style='clear:both'><\/div><div class='text-center'><ul class='pagination wpdm-pagination pagination-centered text-center'><li><span aria-current=\"page\" class=\"page-numbers current\">1<\/span><\/li><li><a data-container='#content_wpdm_package_1' class=\"page-numbers\" href=\"https:\/\/www.ecbichile.cl\/home\/wp-json\/wp\/v2\/pages\/929\/?cp=2\">2<\/a><\/li><li><a data-container='#content_wpdm_package_1' class=\"next page-numbers\" href=\"https:\/\/www.ecbichile.cl\/home\/wp-json\/wp\/v2\/pages\/929\/?cp=2\"> <i style=\"display: inline-block;width: 8px;height: 8px;border-right: 2px solid;border-top: 2px solid;transform: rotate(45deg);margin-left: -2px;margin-top: -2px;\"><\/i> <\/a><\/li><\/ul><\/div><div style='clear:both'><\/div>        <\/div>\n\n        <div style='clear:both'><\/div>\n    <\/div>\n<\/div>\n\n","protected":false},"excerpt":{"rendered":"","protected":false},"author":3,"featured_media":0,"parent":932,"menu_order":0,"comment_status":"open","ping_status":"open","template":"","meta":{"footnotes":""},"class_list":["post-929","page","type-page","status-publish","hentry"],"_links":{"self":[{"href":"https:\/\/www.ecbichile.cl\/home\/wp-json\/wp\/v2\/pages\/929","targetHints":{"allow":["GET"]}}],"collection":[{"href":"https:\/\/www.ecbichile.cl\/home\/wp-json\/wp\/v2\/pages"}],"about":[{"href":"https:\/\/www.ecbichile.cl\/home\/wp-json\/wp\/v2\/types\/page"}],"author":[{"embeddable":true,"href":"https:\/\/www.ecbichile.cl\/home\/wp-json\/wp\/v2\/users\/3"}],"replies":[{"embeddable":true,"href":"https:\/\/www.ecbichile.cl\/home\/wp-json\/wp\/v2\/comments?post=929"}],"version-history":[{"count":28,"href":"https:\/\/www.ecbichile.cl\/home\/wp-json\/wp\/v2\/pages\/929\/revisions"}],"predecessor-version":[{"id":2533,"href":"https:\/\/www.ecbichile.cl\/home\/wp-json\/wp\/v2\/pages\/929\/revisions\/2533"}],"up":[{"embeddable":true,"href":"https:\/\/www.ecbichile.cl\/home\/wp-json\/wp\/v2\/pages\/932"}],"wp:attachment":[{"href":"https:\/\/www.ecbichile.cl\/home\/wp-json\/wp\/v2\/media?parent=929"}],"curies":[{"name":"wp","href":"https:\/\/api.w.org\/{rel}","templated":true}]}}