{"id":91,"date":"2012-05-15T18:22:50","date_gmt":"2012-05-15T18:22:50","guid":{"rendered":"http:\/\/www.ecbichile.cl\/?page_id=91"},"modified":"2015-08-03T15:57:15","modified_gmt":"2015-08-03T18:57:15","slug":"mision-y-vision","status":"publish","type":"page","link":"https:\/\/www.ecbichile.cl\/home\/quienes-somos\/mision-y-vision\/","title":{"rendered":"Misi\u00f3n y Visi\u00f3n"},"content":{"rendered":"<p><strong><span style=\"color: #0064ac;\">Misi\u00f3n<\/span><br \/>\n<\/strong>Contribuir al mejoramiento de los aprendizajes de los alumnos mediante la implementaci\u00f3n de la estrategias curriculares ECBI, en las escuelas de Chile,\u00a0 considerando que tendr\u00e1 una aplicaci\u00f3n gradual y diferenciada por cursos y escuelas.<\/p>\n<p><strong><span style=\"color: #0064ac;\">Visi\u00f3n<\/span><br \/>\n<\/strong>Nuestra visi\u00f3n es que\u00a0 a trav\u00e9s de la ciencia bien ense\u00f1ada, los ni\u00f1os y ni\u00f1as no s\u00f3lo\u00a0 podr\u00e1n avanzar\u00a0 en la comprensi\u00f3n\u00a0\u00a0 del mundo natural y material, sino\u00a0\u00a0 que\u00a0 adem\u00e1s guiados por sus profesores y profesoras, tendr\u00e1n\u00a0 oportunidad de experimentar el placer de investigar y descubrir,\u00a0 se apropiar\u00e1n\u00a0 de las formas de pensamiento que subyacen a la b\u00fasqueda cient\u00edfica y desarrollar\u00e1n\u00a0 formas de convivencia que estimular\u00e1n la comunicaci\u00f3n efectiva, el\u00a0 trabajo en equipo, el respeto por las ideas\u00a0 del otro y el cuidado de la naturaleza.<\/p>\n","protected":false},"excerpt":{"rendered":"<p>Misi\u00f3n Contribuir al mejoramiento de los aprendizajes de los alumnos mediante la implementaci\u00f3n de la estrategias curriculares ECBI, en las escuelas de Chile,\u00a0 considerando que tendr\u00e1 una aplicaci\u00f3n gradual y diferenciada por cursos y escuelas. Visi\u00f3n Nuestra visi\u00f3n es que\u00a0 a trav\u00e9s de la ciencia bien ense\u00f1ada, los ni\u00f1os y ni\u00f1as no s\u00f3lo\u00a0 podr\u00e1n avanzar\u00a0 [&hellip;]<\/p>\n","protected":false},"author":1,"featured_media":0,"parent":85,"menu_order":0,"comment_status":"open","ping_status":"open","template":"","meta":{"footnotes":""},"class_list":["post-91","page","type-page","status-publish","hentry"],"_links":{"self":[{"href":"https:\/\/www.ecbichile.cl\/home\/wp-json\/wp\/v2\/pages\/91","targetHints":{"allow":["GET"]}}],"collection":[{"href":"https:\/\/www.ecbichile.cl\/home\/wp-json\/wp\/v2\/pages"}],"about":[{"href":"https:\/\/www.ecbichile.cl\/home\/wp-json\/wp\/v2\/types\/page"}],"author":[{"embeddable":true,"href":"https:\/\/www.ecbichile.cl\/home\/wp-json\/wp\/v2\/users\/1"}],"replies":[{"embeddable":true,"href":"https:\/\/www.ecbichile.cl\/home\/wp-json\/wp\/v2\/comments?post=91"}],"version-history":[{"count":8,"href":"https:\/\/www.ecbichile.cl\/home\/wp-json\/wp\/v2\/pages\/91\/revisions"}],"predecessor-version":[{"id":1053,"href":"https:\/\/www.ecbichile.cl\/home\/wp-json\/wp\/v2\/pages\/91\/revisions\/1053"}],"up":[{"embeddable":true,"href":"https:\/\/www.ecbichile.cl\/home\/wp-json\/wp\/v2\/pages\/85"}],"wp:attachment":[{"href":"https:\/\/www.ecbichile.cl\/home\/wp-json\/wp\/v2\/media?parent=91"}],"curies":[{"name":"wp","href":"https:\/\/api.w.org\/{rel}","templated":true}]}}