{"id":76,"date":"2012-05-15T18:15:23","date_gmt":"2012-05-15T18:15:23","guid":{"rendered":"http:\/\/www.ecbichile.cl\/?page_id=76"},"modified":"2015-08-03T16:43:34","modified_gmt":"2015-08-03T19:43:34","slug":"plan-de-accion","status":"publish","type":"page","link":"https:\/\/www.ecbichile.cl\/home\/implementacion-ecbi\/plan-de-accion\/","title":{"rendered":"Plan de Acci\u00f3n en la Escuela"},"content":{"rendered":"<p style=\"text-align: left;\"><img loading=\"lazy\" decoding=\"async\" class=\"alignleft size-full wp-image-287\" title=\"plan-de-accion\" src=\"http:\/\/www.ecbichile.cl\/wp-content\/uploads\/2012\/05\/plan-de-accion.png\" alt=\"\" width=\"360\" height=\"839\" \/><br \/>\nTaller de Capacitaci\u00f3n Inicial de Profesores<br \/>\nTalleres de Capacitaci\u00f3n nivel Profundizaci\u00f3n para profesores<br \/>\nTaller\u00a0 de Planificaci\u00f3n Estrat\u00e9gica para directivos<\/p>\n<p>&nbsp;<\/p>\n<p>&nbsp;<\/p>\n<p>&nbsp;<\/p>\n<p style=\"text-align: left;\">Implementaci\u00f3n y desarrollo del proyecto en los establecimientos educacionales.<br \/>\nInicio de actividades en las escuelas<br \/>\nMonitoreo proceso implementaci\u00f3n en escuelas<\/p>\n<p>&nbsp;<\/p>\n<p>&nbsp;<\/p>\n<p style=\"text-align: left;\">Material Educativo<br \/>\nSugerencia de material a las escuelas seg\u00fan convenio<br \/>\nSugerencia de material de reposici\u00f3n<br \/>\nSugerencia de inventario general<\/p>\n<p>&nbsp;<\/p>\n<p>&nbsp;<\/p>\n<p style=\"text-align: left;\">Dise\u00f1o del seguimiento de la acci\u00f3n de docentes y asesores pedag\u00f3gicos.<br \/>\nDise\u00f1o de Instrumentos de seguimiento y evaluaci\u00f3n de aprendizajes de los alumnos<br \/>\nAplicaci\u00f3n de Instrumentos de Evaluaci\u00f3n y seguimiento del proyecto<\/p>\n<p>&nbsp;<\/p>\n<p>&nbsp;<\/p>\n<p style=\"text-align: left;\">Asistencia T\u00e9cnica y Participaci\u00f3n en la Coordinaci\u00f3n del Proyecto<br \/>\nReuniones de Coordinaci\u00f3n e intercambio equipos<br \/>\nReuniones de Coordinaci\u00f3n del proyecto<br \/>\nDise\u00f1o y preparaci\u00f3n de Taller de planificaci\u00f3n estrat\u00e9gica, con sus respectivos materiales<br \/>\nEjecuci\u00f3n del Taller de Planificaci\u00f3n estrat\u00e9gica (participaci\u00f3n internacional)<br \/>\nSeminario Internacional (apoyo en el dise\u00f1o y ejecuci\u00f3n)<\/p>\n<p>&nbsp;<\/p>\n<p style=\"text-align: left;\">Elaboraci\u00f3n de Informes<br \/>\nElaboraci\u00f3n y entrega del 1\u00ba Informe de Avance<br \/>\nElaboraci\u00f3n y entrega del 2\u00ba Informe de Avance<br \/>\nElaboraci\u00f3n y entrega Informe Final<\/p>\n","protected":false},"excerpt":{"rendered":"<p>Taller de Capacitaci\u00f3n Inicial de Profesores Talleres de Capacitaci\u00f3n nivel Profundizaci\u00f3n para profesores Taller\u00a0 de Planificaci\u00f3n Estrat\u00e9gica para directivos &nbsp; &nbsp; &nbsp; Implementaci\u00f3n y desarrollo del proyecto en los establecimientos educacionales. Inicio de actividades en las escuelas Monitoreo proceso implementaci\u00f3n en escuelas &nbsp; &nbsp; Material Educativo Sugerencia de material a las escuelas seg\u00fan convenio Sugerencia [&hellip;]<\/p>\n","protected":false},"author":1,"featured_media":0,"parent":72,"menu_order":0,"comment_status":"open","ping_status":"open","template":"","meta":{"footnotes":""},"class_list":["post-76","page","type-page","status-publish","hentry"],"_links":{"self":[{"href":"https:\/\/www.ecbichile.cl\/home\/wp-json\/wp\/v2\/pages\/76","targetHints":{"allow":["GET"]}}],"collection":[{"href":"https:\/\/www.ecbichile.cl\/home\/wp-json\/wp\/v2\/pages"}],"about":[{"href":"https:\/\/www.ecbichile.cl\/home\/wp-json\/wp\/v2\/types\/page"}],"author":[{"embeddable":true,"href":"https:\/\/www.ecbichile.cl\/home\/wp-json\/wp\/v2\/users\/1"}],"replies":[{"embeddable":true,"href":"https:\/\/www.ecbichile.cl\/home\/wp-json\/wp\/v2\/comments?post=76"}],"version-history":[{"count":32,"href":"https:\/\/www.ecbichile.cl\/home\/wp-json\/wp\/v2\/pages\/76\/revisions"}],"predecessor-version":[{"id":1067,"href":"https:\/\/www.ecbichile.cl\/home\/wp-json\/wp\/v2\/pages\/76\/revisions\/1067"}],"up":[{"embeddable":true,"href":"https:\/\/www.ecbichile.cl\/home\/wp-json\/wp\/v2\/pages\/72"}],"wp:attachment":[{"href":"https:\/\/www.ecbichile.cl\/home\/wp-json\/wp\/v2\/media?parent=76"}],"curies":[{"name":"wp","href":"https:\/\/api.w.org\/{rel}","templated":true}]}}