{"id":55,"date":"2012-05-15T18:05:09","date_gmt":"2012-05-15T18:05:09","guid":{"rendered":"http:\/\/www.ecbichile.cl\/?page_id=55"},"modified":"2015-08-18T13:57:49","modified_gmt":"2015-08-18T16:57:49","slug":"enfoque-sistemico","status":"publish","type":"page","link":"https:\/\/www.ecbichile.cl\/home\/enfoque-sistemico\/","title":{"rendered":"Enfoque sist\u00e9mico"},"content":{"rendered":"<p style=\"text-align: justify;\">El Programa ECBI ofrece una alternativa para renovar la ense\u00f1anza\u2013aprendizaje de las ciencias y propone contribuir al cambio y la innovaci\u00f3n desde la construcci\u00f3n de cercan\u00eda, complementaci\u00f3n, alianzas y redes entre la comunidad cient\u00edfica y el mundo docente y escolar. Se reconoce adem\u00e1s que para alcanzar una renovaci\u00f3n efectiva, las estrategias deber\u00e1n estar fundamentadas en la investigaci\u00f3n y estrechamente ligadas a la implementaci\u00f3n de la pol\u00edtica.<\/p>\n<p style=\"text-align: justify;\">El enfoque del Programa ECBI es sist\u00e9mico (1) y comprende intervenci\u00f3n en las siguientes \u00e1reas: implementaci\u00f3n curricular, desarrollo profesional, materiales educativos, evaluaci\u00f3n y participaci\u00f3n de la comunidad.<\/p>\n<blockquote>\n<p style=\"text-align: justify;\"><em>(1) National Sciences Resources Center. (1997) Science for All Children: A Guide to Improving Elementary Science Education in Your School District. The National Academies Press: Washington, DC<\/em><\/p>\n<p style=\"text-align: justify;\">\u00a0<\/p>\n<\/blockquote>\n<p>&nbsp;<\/p>\n<p>&nbsp;<\/p>\n<table border=\"0\" width=\"942\" cellspacing=\"0\" cellpadding=\"0\" align=\"center\">\n<tbody>\n<tr>\n<td width=\"762\"><img loading=\"lazy\" decoding=\"async\" src=\"http:\/\/www.ecbichile.cl\/wp-content\/uploads\/2012\/05\/grafico1.png\" alt=\"\" usemap=\"#Map\" width=\"942\" height=\"743\" align=\"absmiddle\" border=\"0\" \/><\/td>\n<\/tr>\n<\/tbody>\n<\/table>\n<map id=\"Map\" name=\"Map\">\n<area coords=\"378,53,532,204\" shape=\"rect\" href=\"..\/enfoque-sistemico\/implementacion-curricular\/\" target=\"_self\" \/>\n<area coords=\"607,213,754,368\" shape=\"rect\" href=\"..\/enfoque-sistemico\/desarrollo-profesional\" target=\"_self\" \/>\n<area coords=\"519,480,670,631\" shape=\"rect\" href=\"..\/enfoque-sistemico\/materiales-educativos\/\" target=\"_self\" \/>\n<area coords=\"234,479,391,633\" shape=\"rect\" href=\"..\/enfoque-sistemico\/evaluacion\" target=\"_self\" \/>\n<area coords=\"156,217,302,366\" shape=\"rect\" href=\"..\/enfoque-sistemico\/apoyo-administrativo-y-de-la-comunidad\" target=\"_self\" \/> <\/map>\n<\/p>\n<p>&nbsp;<\/p>\n<p style=\"text-align: center;\">\u00a0<\/p>\n","protected":false},"excerpt":{"rendered":"<p>El Programa ECBI ofrece una alternativa para renovar la ense\u00f1anza\u2013aprendizaje de las ciencias y propone contribuir al cambio y la innovaci\u00f3n desde la construcci\u00f3n de cercan\u00eda, complementaci\u00f3n, alianzas y redes entre la comunidad cient\u00edfica y el mundo docente y escolar. Se reconoce adem\u00e1s que para alcanzar una renovaci\u00f3n efectiva, las estrategias deber\u00e1n estar fundamentadas en [&hellip;]<\/p>\n","protected":false},"author":1,"featured_media":0,"parent":0,"menu_order":0,"comment_status":"open","ping_status":"open","template":"","meta":{"footnotes":""},"class_list":["post-55","page","type-page","status-publish","hentry"],"_links":{"self":[{"href":"https:\/\/www.ecbichile.cl\/home\/wp-json\/wp\/v2\/pages\/55","targetHints":{"allow":["GET"]}}],"collection":[{"href":"https:\/\/www.ecbichile.cl\/home\/wp-json\/wp\/v2\/pages"}],"about":[{"href":"https:\/\/www.ecbichile.cl\/home\/wp-json\/wp\/v2\/types\/page"}],"author":[{"embeddable":true,"href":"https:\/\/www.ecbichile.cl\/home\/wp-json\/wp\/v2\/users\/1"}],"replies":[{"embeddable":true,"href":"https:\/\/www.ecbichile.cl\/home\/wp-json\/wp\/v2\/comments?post=55"}],"version-history":[{"count":19,"href":"https:\/\/www.ecbichile.cl\/home\/wp-json\/wp\/v2\/pages\/55\/revisions"}],"predecessor-version":[{"id":1138,"href":"https:\/\/www.ecbichile.cl\/home\/wp-json\/wp\/v2\/pages\/55\/revisions\/1138"}],"wp:attachment":[{"href":"https:\/\/www.ecbichile.cl\/home\/wp-json\/wp\/v2\/media?parent=55"}],"curies":[{"name":"wp","href":"https:\/\/api.w.org\/{rel}","templated":true}]}}